{"id":56,"date":"2021-08-21T07:56:04","date_gmt":"2021-08-21T07:56:04","guid":{"rendered":"http:\/\/fantalytix.com\/?page_id=56"},"modified":"2025-08-07T03:42:48","modified_gmt":"2025-08-07T03:42:48","slug":"services","status":"publish","type":"page","link":"https:\/\/fantalytix.com\/en\/services\/","title":{"rendered":"Unsere Services"},"content":{"rendered":"<div style=\"height:40px\" aria-hidden=\"true\" class=\"wp-block-spacer\"><\/div>\n\n\n\n<p style=\"font-size:clamp(0.984rem, 0.984rem + ((1vw - 0.2rem) * 0.86), 1.5rem);\">Our core offering comprises all types of projects around controlling and data intelligence topics. With more than 12 years of experience in these areas, we would be happy to help you with the following topics.<\/p>\n\n\n\n<div style=\"height:40px\" aria-hidden=\"true\" class=\"wp-block-spacer\"><\/div>\n\n\n\n<div class=\"wp-block-columns is-layout-flex wp-container-core-columns-is-layout-28f84493 wp-block-columns-is-layout-flex\">\n<div class=\"wp-block-column is-layout-flow wp-block-column-is-layout-flow\">\n<figure class=\"wp-block-image size-full\"><img loading=\"lazy\" decoding=\"async\" width=\"500\" height=\"442\" src=\"http:\/\/fantalytix.com\/wp-content\/uploads\/2021\/08\/Controlling-1.png\" alt=\"\" class=\"wp-image-92\" srcset=\"https:\/\/fantalytix.com\/wp-content\/uploads\/2021\/08\/Controlling-1.png 500w, https:\/\/fantalytix.com\/wp-content\/uploads\/2021\/08\/Controlling-1-300x265.png 300w, https:\/\/fantalytix.com\/wp-content\/uploads\/2021\/08\/Controlling-1-14x12.png 14w\" sizes=\"auto, (max-width: 500px) 100vw, 500px\" \/><\/figure>\n<\/div>\n\n\n\n<div class=\"wp-block-column is-layout-flow wp-block-column-is-layout-flow\">\n<h2 class=\"wp-block-heading\">Interim Management in Controlling-Funktionen<\/h2>\n\n\n\n<p>Wir unterst\u00fctzen Ihr Team bei allen controllingbezogenen Themen. Zum Beispiel:<\/p>\n\n\n\n<ul class=\"wp-block-list\">\n<li><strong>Reporting<\/strong>: Define, set up and create recurring reportings\nAd-hoc analysis<\/li>\n\n\n\n<li><strong>Ad-hoc analysis<\/strong><\/li>\n\n\n\n<li><strong>Interim controlling functions<\/strong><\/li>\n\n\n\n<li><strong>Presentations and sparring<\/strong><\/li>\n<\/ul>\n<\/div>\n<\/div>\n\n\n\n<div style=\"height:100px\" aria-hidden=\"true\" class=\"wp-block-spacer\"><\/div>\n\n\n\n<h2 class=\"wp-block-heading\">Controlling as a Service \/ Externer Controller<\/h2>\n\n\n\n<div class=\"wp-block-columns is-layout-flex wp-container-core-columns-is-layout-28f84493 wp-block-columns-is-layout-flex\">\n<div class=\"wp-block-column is-layout-flow wp-block-column-is-layout-flow\">\n<p>Gerade f\u00fcr kleinere Kunden (KMU und Startups) bieten wir ein komplettes Controlling-Paket mitsamt aller g\u00e4ngige Auswertungen sowie Sonderanalysen an.<\/p>\n<\/div>\n\n\n\n<div class=\"wp-block-column is-layout-flow wp-block-column-is-layout-flow\">\n<p>Bereits mit wenig Aufwand erstellen wir State-of-the-Art Auswertungen f\u00fcr Sie. Regelm\u00e4\u00dfig, zuverl\u00e4ssig und aussagekr\u00e4ftig.<\/p>\n\n\n\n<div class=\"wp-block-buttons is-layout-flex wp-block-buttons-is-layout-flex\">\n<div class=\"wp-block-button\"><a class=\"wp-block-button__link wp-element-button\" href=\"https:\/\/fantalytix.com\/en\/controlling-as-a-service-externer-controller\/\">Learn more<\/a><\/div>\n<\/div>\n<\/div>\n<\/div>\n\n\n\n<div style=\"height:100px\" aria-hidden=\"true\" class=\"wp-block-spacer\"><\/div>\n\n\n\n<div class=\"wp-block-columns is-layout-flex wp-container-core-columns-is-layout-28f84493 wp-block-columns-is-layout-flex\">\n<div class=\"wp-block-column is-layout-flow wp-block-column-is-layout-flow\">\n<h2 class=\"wp-block-heading\">Business Plans \/ Business Cases<\/h2>\n\n\n\n<p>A good plan is the foundation of a successful business. We help you with the technical setup, driver definition and challenge the assumptions.<\/p>\n\n\n\n<ul class=\"wp-block-list\">\n<li>Driver based business planning<\/li>\n\n\n\n<li>Scenario analysis<\/li>\n\n\n\n<li>Due diligence support<\/li>\n\n\n\n<li>Valuation and sensitivity analysis<\/li>\n<\/ul>\n<\/div>\n\n\n\n<div class=\"wp-block-column is-layout-flow wp-block-column-is-layout-flow\">\n<figure class=\"wp-block-image size-full\"><img loading=\"lazy\" decoding=\"async\" width=\"500\" height=\"425\" src=\"http:\/\/fantalytix.com\/wp-content\/uploads\/2021\/08\/Business_Plan.png\" alt=\"\" class=\"wp-image-90\" srcset=\"https:\/\/fantalytix.com\/wp-content\/uploads\/2021\/08\/Business_Plan.png 500w, https:\/\/fantalytix.com\/wp-content\/uploads\/2021\/08\/Business_Plan-300x255.png 300w, https:\/\/fantalytix.com\/wp-content\/uploads\/2021\/08\/Business_Plan-14x12.png 14w\" sizes=\"auto, (max-width: 500px) 100vw, 500px\" \/><\/figure>\n<\/div>\n<\/div>\n\n\n\n<div style=\"height:100px\" aria-hidden=\"true\" class=\"wp-block-spacer\"><\/div>\n\n\n\n<div class=\"wp-block-columns is-layout-flex wp-container-core-columns-is-layout-28f84493 wp-block-columns-is-layout-flex\">\n<div class=\"wp-block-column is-layout-flow wp-block-column-is-layout-flow\">\n<figure class=\"wp-block-image size-full\"><img loading=\"lazy\" decoding=\"async\" width=\"500\" height=\"517\" src=\"http:\/\/fantalytix.com\/wp-content\/uploads\/2021\/08\/Brain.png\" alt=\"\" class=\"wp-image-89\" srcset=\"https:\/\/fantalytix.com\/wp-content\/uploads\/2021\/08\/Brain.png 500w, https:\/\/fantalytix.com\/wp-content\/uploads\/2021\/08\/Brain-290x300.png 290w, https:\/\/fantalytix.com\/wp-content\/uploads\/2021\/08\/Brain-12x12.png 12w\" sizes=\"auto, (max-width: 500px) 100vw, 500px\" \/><\/figure>\n<\/div>\n\n\n\n<div class=\"wp-block-column is-layout-flow wp-block-column-is-layout-flow\">\n<h2 class=\"wp-block-heading\">Data Intelligence<\/h2>\n\n\n\n<p>How good can controlling analysis be without a proper data basis? We can support you with the following tasks:<\/p>\n\n\n\n<ul class=\"wp-block-list\">\n<li>Data- and database analysis<\/li>\n\n\n\n<li>Data manipulation<\/li>\n\n\n\n<li>Derive insights from your data for fact based decisions<\/li>\n\n\n\n<li>Create dashboards<\/li>\n<\/ul>\n<\/div>\n<\/div>\n\n\n\n<div style=\"height:100px\" aria-hidden=\"true\" class=\"wp-block-spacer\"><\/div>\n\n\n\n<div class=\"wp-block-columns is-layout-flex wp-container-core-columns-is-layout-28f84493 wp-block-columns-is-layout-flex\">\n<div class=\"wp-block-column is-layout-flow wp-block-column-is-layout-flow\">\n<h2 class=\"wp-block-heading\">Automation<\/h2>\n\n\n\n<p>Our experience shows that often with a little bit of automation, controlling departments can save a lot of time. Our offer for you:<\/p>\n\n\n\n<ul class=\"wp-block-list\">\n<li>Microsoft Excel automation, including VBA and PowerQuery<\/li>\n\n\n\n<li>Power BI<\/li>\n\n\n\n<li>Create specialized Excel add-ins<\/li>\n<\/ul>\n<\/div>\n\n\n\n<div class=\"wp-block-column is-layout-flow wp-block-column-is-layout-flow\">\n<figure class=\"wp-block-image size-full\"><img loading=\"lazy\" decoding=\"async\" width=\"500\" height=\"195\" src=\"http:\/\/fantalytix.com\/wp-content\/uploads\/2021\/08\/Automatization.png\" alt=\"\" class=\"wp-image-88\" srcset=\"https:\/\/fantalytix.com\/wp-content\/uploads\/2021\/08\/Automatization.png 500w, https:\/\/fantalytix.com\/wp-content\/uploads\/2021\/08\/Automatization-300x117.png 300w, https:\/\/fantalytix.com\/wp-content\/uploads\/2021\/08\/Automatization-18x7.png 18w\" sizes=\"auto, (max-width: 500px) 100vw, 500px\" \/><\/figure>\n<\/div>\n<\/div>\n\n\n\n<div style=\"height:100px\" aria-hidden=\"true\" class=\"wp-block-spacer\"><\/div>\n\n\n\n<div class=\"wp-block-columns is-layout-flex wp-container-core-columns-is-layout-28f84493 wp-block-columns-is-layout-flex\">\n<div class=\"wp-block-column is-layout-flow wp-block-column-is-layout-flow\">\n<figure class=\"wp-block-image size-full\"><img loading=\"lazy\" decoding=\"async\" width=\"500\" height=\"626\" src=\"http:\/\/fantalytix.com\/wp-content\/uploads\/2021\/08\/Training-1.png\" alt=\"\" class=\"wp-image-97\" srcset=\"https:\/\/fantalytix.com\/wp-content\/uploads\/2021\/08\/Training-1.png 500w, https:\/\/fantalytix.com\/wp-content\/uploads\/2021\/08\/Training-1-240x300.png 240w, https:\/\/fantalytix.com\/wp-content\/uploads\/2021\/08\/Training-1-10x12.png 10w\" sizes=\"auto, (max-width: 500px) 100vw, 500px\" \/><\/figure>\n<\/div>\n\n\n\n<div class=\"wp-block-column is-layout-flow wp-block-column-is-layout-flow\">\n<h2 class=\"wp-block-heading\">Training<\/h2>\n\n\n\n<p>Our goal is not to take over your tasks permanently, but rather enable your team to do them by themselves. That\u2019s why we provide extensive trainings tailored to your previous knowledge. Training topics are:<\/p>\n\n\n\n<ul class=\"wp-block-list\">\n<li>Microsoft Excel<\/li>\n\n\n\n<li>Visual Basic for Applications (VBA)<\/li>\n\n\n\n<li>PowerQuery, PowerPivot, Power BI<\/li>\n<\/ul>\n\n\n\n<div class=\"wp-block-buttons is-layout-flex wp-block-buttons-is-layout-flex\">\n<div class=\"wp-block-button is-style-outline is-style-outline--1\"><a class=\"wp-block-button__link wp-element-button\" href=\"https:\/\/fantalytix.com\/en\/excel-training\/\">Learn more<\/a><\/div>\n<\/div>\n<\/div>\n<\/div>\n\n\n\n<div style=\"height:100px\" aria-hidden=\"true\" class=\"wp-block-spacer\"><\/div>\n\n\n\n<div class=\"wp-block-columns is-layout-flex wp-container-core-columns-is-layout-28f84493 wp-block-columns-is-layout-flex\">\n<div class=\"wp-block-column is-layout-flow wp-block-column-is-layout-flow\">\n<h2 class=\"wp-block-heading\">Professor Excel<\/h2>\n\n\n\n<p>Unsere Vision ist es, jeden Fachanwender im Bereich Controlling und Daten zu einem Experten seines Handwerks zu machen. <a href=\"https:\/\/professor-excel.com\" target=\"_blank\" rel=\"noreferrer noopener\">Professor-Excel.com<\/a> ist unser Weg, Wissen und spezialisierte Tools (z.\u202fB. unser beliebtes Excel-Add-in \u201e<a href=\"https:\/\/professor-excel.com\/professor-excel-tools\/\" target=\"_blank\" rel=\"noreferrer noopener\">Professor Excel Tools<\/a>&#8222;) mit allen  zu teilen.<\/p>\n\n\n\n<div class=\"wp-block-buttons is-layout-flex wp-block-buttons-is-layout-flex\">\n<div class=\"wp-block-button is-style-outline is-style-outline--2\"><a class=\"wp-block-button__link wp-element-button\" href=\"https:\/\/professor-excel.com\/\" target=\"_blank\" rel=\"noreferrer noopener\">Professor Excel besuchen<\/a><\/div>\n<\/div>\n<\/div>\n\n\n\n<div class=\"wp-block-column is-layout-flow wp-block-column-is-layout-flow\">\n<figure class=\"wp-block-image size-full\"><img loading=\"lazy\" decoding=\"async\" width=\"500\" height=\"405\" src=\"http:\/\/fantalytix.com\/wp-content\/uploads\/2021\/08\/Professor_Excel.png\" alt=\"\" class=\"wp-image-98\" srcset=\"https:\/\/fantalytix.com\/wp-content\/uploads\/2021\/08\/Professor_Excel.png 500w, https:\/\/fantalytix.com\/wp-content\/uploads\/2021\/08\/Professor_Excel-300x243.png 300w, https:\/\/fantalytix.com\/wp-content\/uploads\/2021\/08\/Professor_Excel-15x12.png 15w\" sizes=\"auto, (max-width: 500px) 100vw, 500px\" \/><\/figure>\n<\/div>\n<\/div>","protected":false},"excerpt":{"rendered":"<p>Unser Kerngesch\u00e4ft umfasst alle Arten von Projekten rund um die Themen Controlling und Data Intelligence. Mit \u00fcber 13 Jahren Erfahrung in diesen Bereichen unterst\u00fctzen wir Sie gerne bei folgenden Themen: Interim Management in Controlling-Funktionen Wir unterst\u00fctzen Ihr Team bei allen controllingbezogenen Themen. Zum Beispiel: Controlling as a Service \/ Externer Controller Gerade f\u00fcr kleinere Kunden [&hellip;]<\/p>\n","protected":false},"author":1,"featured_media":0,"parent":0,"menu_order":0,"comment_status":"closed","ping_status":"closed","template":"","meta":{"footnotes":""},"class_list":["post-56","page","type-page","status-publish","hentry"],"yoast_head":"<!-- This site is optimized with the Yoast SEO plugin v27.3 - https:\/\/yoast.com\/product\/yoast-seo-wordpress\/ -->\n<title>Unsere Services - Fantalytix<\/title>\n<meta name=\"description\" content=\"Fantalytix offers all types of projects around controlling and data intelligence topics. Our goal: Fantastic Analytics for you!\" \/>\n<meta name=\"robots\" content=\"index, follow, max-snippet:-1, max-image-preview:large, max-video-preview:-1\" \/>\n<link rel=\"canonical\" href=\"https:\/\/fantalytix.com\/en\/services\/\" \/>\n<meta property=\"og:locale\" content=\"en_US\" \/>\n<meta property=\"og:type\" content=\"article\" \/>\n<meta property=\"og:title\" content=\"Unsere Services - Fantalytix\" \/>\n<meta property=\"og:description\" content=\"Fantalytix offers all types of projects around controlling and data intelligence topics. Our goal: Fantastic Analytics for you!\" \/>\n<meta property=\"og:url\" content=\"https:\/\/fantalytix.com\/en\/services\/\" \/>\n<meta property=\"og:site_name\" content=\"Fantalytix\" \/>\n<meta property=\"article:modified_time\" content=\"2025-08-07T03:42:48+00:00\" \/>\n<meta property=\"og:image\" content=\"http:\/\/fantalytix.com\/wp-content\/uploads\/2021\/08\/Controlling-1.png\" \/>\n<meta name=\"twitter:card\" content=\"summary_large_image\" \/>\n<meta name=\"twitter:label1\" content=\"Est. reading time\" \/>\n\t<meta name=\"twitter:data1\" content=\"3 minutes\" \/>\n<script type=\"application\/ld+json\" class=\"yoast-schema-graph\">{\"@context\":\"https:\\\/\\\/schema.org\",\"@graph\":[{\"@type\":\"WebPage\",\"@id\":\"https:\\\/\\\/fantalytix.com\\\/services\\\/\",\"url\":\"https:\\\/\\\/fantalytix.com\\\/services\\\/\",\"name\":\"Unsere Services - Fantalytix\",\"isPartOf\":{\"@id\":\"https:\\\/\\\/fantalytix.com\\\/de\\\/#website\"},\"primaryImageOfPage\":{\"@id\":\"https:\\\/\\\/fantalytix.com\\\/services\\\/#primaryimage\"},\"image\":{\"@id\":\"https:\\\/\\\/fantalytix.com\\\/services\\\/#primaryimage\"},\"thumbnailUrl\":\"http:\\\/\\\/fantalytix.com\\\/wp-content\\\/uploads\\\/2021\\\/08\\\/Controlling-1.png\",\"datePublished\":\"2021-08-21T07:56:04+00:00\",\"dateModified\":\"2025-08-07T03:42:48+00:00\",\"description\":\"Fantalytix offers all types of projects around controlling and data intelligence topics. Our goal: Fantastic Analytics for you!\",\"breadcrumb\":{\"@id\":\"https:\\\/\\\/fantalytix.com\\\/services\\\/#breadcrumb\"},\"inLanguage\":\"en-US\",\"potentialAction\":[{\"@type\":\"ReadAction\",\"target\":[\"https:\\\/\\\/fantalytix.com\\\/services\\\/\"]}]},{\"@type\":\"ImageObject\",\"inLanguage\":\"en-US\",\"@id\":\"https:\\\/\\\/fantalytix.com\\\/services\\\/#primaryimage\",\"url\":\"http:\\\/\\\/fantalytix.com\\\/wp-content\\\/uploads\\\/2021\\\/08\\\/Controlling-1.png\",\"contentUrl\":\"http:\\\/\\\/fantalytix.com\\\/wp-content\\\/uploads\\\/2021\\\/08\\\/Controlling-1.png\"},{\"@type\":\"BreadcrumbList\",\"@id\":\"https:\\\/\\\/fantalytix.com\\\/services\\\/#breadcrumb\",\"itemListElement\":[{\"@type\":\"ListItem\",\"position\":1,\"name\":\"Home\",\"item\":\"https:\\\/\\\/fantalytix.com\\\/\"},{\"@type\":\"ListItem\",\"position\":2,\"name\":\"Unsere Services\"}]},{\"@type\":\"WebSite\",\"@id\":\"https:\\\/\\\/fantalytix.com\\\/de\\\/#website\",\"url\":\"https:\\\/\\\/fantalytix.com\\\/de\\\/\",\"name\":\"Fantalytix\",\"description\":\"Your Experts for Fantastic Analytics.\",\"publisher\":{\"@id\":\"https:\\\/\\\/fantalytix.com\\\/de\\\/#organization\"},\"potentialAction\":[{\"@type\":\"SearchAction\",\"target\":{\"@type\":\"EntryPoint\",\"urlTemplate\":\"https:\\\/\\\/fantalytix.com\\\/de\\\/?s={search_term_string}\"},\"query-input\":{\"@type\":\"PropertyValueSpecification\",\"valueRequired\":true,\"valueName\":\"search_term_string\"}}],\"inLanguage\":\"en-US\"},{\"@type\":\"Organization\",\"@id\":\"https:\\\/\\\/fantalytix.com\\\/de\\\/#organization\",\"name\":\"Fantalytix\",\"url\":\"https:\\\/\\\/fantalytix.com\\\/de\\\/\",\"logo\":{\"@type\":\"ImageObject\",\"inLanguage\":\"en-US\",\"@id\":\"https:\\\/\\\/fantalytix.com\\\/de\\\/#\\\/schema\\\/logo\\\/image\\\/\",\"url\":\"https:\\\/\\\/fantalytix.com\\\/wp-content\\\/uploads\\\/2024\\\/06\\\/Logo_Schriftzug_Bunt_Klein-2.png\",\"contentUrl\":\"https:\\\/\\\/fantalytix.com\\\/wp-content\\\/uploads\\\/2024\\\/06\\\/Logo_Schriftzug_Bunt_Klein-2.png\",\"width\":500,\"height\":135,\"caption\":\"Fantalytix\"},\"image\":{\"@id\":\"https:\\\/\\\/fantalytix.com\\\/de\\\/#\\\/schema\\\/logo\\\/image\\\/\"}}]}<\/script>\n<!-- \/ Yoast SEO plugin. -->","yoast_head_json":{"title":"Unsere Services - Fantalytix","description":"Fantalytix offers all types of projects around controlling and data intelligence topics. Our goal: Fantastic Analytics for you!","robots":{"index":"index","follow":"follow","max-snippet":"max-snippet:-1","max-image-preview":"max-image-preview:large","max-video-preview":"max-video-preview:-1"},"canonical":"https:\/\/fantalytix.com\/en\/services\/","og_locale":"en_US","og_type":"article","og_title":"Unsere Services - Fantalytix","og_description":"Fantalytix offers all types of projects around controlling and data intelligence topics. Our goal: Fantastic Analytics for you!","og_url":"https:\/\/fantalytix.com\/en\/services\/","og_site_name":"Fantalytix","article_modified_time":"2025-08-07T03:42:48+00:00","og_image":[{"url":"http:\/\/fantalytix.com\/wp-content\/uploads\/2021\/08\/Controlling-1.png","type":"","width":"","height":""}],"twitter_card":"summary_large_image","twitter_misc":{"Est. reading time":"3 minutes"},"schema":{"@context":"https:\/\/schema.org","@graph":[{"@type":"WebPage","@id":"https:\/\/fantalytix.com\/services\/","url":"https:\/\/fantalytix.com\/services\/","name":"Unsere Services - Fantalytix","isPartOf":{"@id":"https:\/\/fantalytix.com\/de\/#website"},"primaryImageOfPage":{"@id":"https:\/\/fantalytix.com\/services\/#primaryimage"},"image":{"@id":"https:\/\/fantalytix.com\/services\/#primaryimage"},"thumbnailUrl":"http:\/\/fantalytix.com\/wp-content\/uploads\/2021\/08\/Controlling-1.png","datePublished":"2021-08-21T07:56:04+00:00","dateModified":"2025-08-07T03:42:48+00:00","description":"Fantalytix offers all types of projects around controlling and data intelligence topics. Our goal: Fantastic Analytics for you!","breadcrumb":{"@id":"https:\/\/fantalytix.com\/services\/#breadcrumb"},"inLanguage":"en-US","potentialAction":[{"@type":"ReadAction","target":["https:\/\/fantalytix.com\/services\/"]}]},{"@type":"ImageObject","inLanguage":"en-US","@id":"https:\/\/fantalytix.com\/services\/#primaryimage","url":"http:\/\/fantalytix.com\/wp-content\/uploads\/2021\/08\/Controlling-1.png","contentUrl":"http:\/\/fantalytix.com\/wp-content\/uploads\/2021\/08\/Controlling-1.png"},{"@type":"BreadcrumbList","@id":"https:\/\/fantalytix.com\/services\/#breadcrumb","itemListElement":[{"@type":"ListItem","position":1,"name":"Home","item":"https:\/\/fantalytix.com\/"},{"@type":"ListItem","position":2,"name":"Unsere Services"}]},{"@type":"WebSite","@id":"https:\/\/fantalytix.com\/de\/#website","url":"https:\/\/fantalytix.com\/de\/","name":"Fantalytix","description":"Your Experts for Fantastic Analytics.","publisher":{"@id":"https:\/\/fantalytix.com\/de\/#organization"},"potentialAction":[{"@type":"SearchAction","target":{"@type":"EntryPoint","urlTemplate":"https:\/\/fantalytix.com\/de\/?s={search_term_string}"},"query-input":{"@type":"PropertyValueSpecification","valueRequired":true,"valueName":"search_term_string"}}],"inLanguage":"en-US"},{"@type":"Organization","@id":"https:\/\/fantalytix.com\/de\/#organization","name":"Fantalytix","url":"https:\/\/fantalytix.com\/de\/","logo":{"@type":"ImageObject","inLanguage":"en-US","@id":"https:\/\/fantalytix.com\/de\/#\/schema\/logo\/image\/","url":"https:\/\/fantalytix.com\/wp-content\/uploads\/2024\/06\/Logo_Schriftzug_Bunt_Klein-2.png","contentUrl":"https:\/\/fantalytix.com\/wp-content\/uploads\/2024\/06\/Logo_Schriftzug_Bunt_Klein-2.png","width":500,"height":135,"caption":"Fantalytix"},"image":{"@id":"https:\/\/fantalytix.com\/de\/#\/schema\/logo\/image\/"}}]}},"_links":{"self":[{"href":"https:\/\/fantalytix.com\/en\/wp-json\/wp\/v2\/pages\/56","targetHints":{"allow":["GET"]}}],"collection":[{"href":"https:\/\/fantalytix.com\/en\/wp-json\/wp\/v2\/pages"}],"about":[{"href":"https:\/\/fantalytix.com\/en\/wp-json\/wp\/v2\/types\/page"}],"author":[{"embeddable":true,"href":"https:\/\/fantalytix.com\/en\/wp-json\/wp\/v2\/users\/1"}],"replies":[{"embeddable":true,"href":"https:\/\/fantalytix.com\/en\/wp-json\/wp\/v2\/comments?post=56"}],"version-history":[{"count":26,"href":"https:\/\/fantalytix.com\/en\/wp-json\/wp\/v2\/pages\/56\/revisions"}],"predecessor-version":[{"id":635,"href":"https:\/\/fantalytix.com\/en\/wp-json\/wp\/v2\/pages\/56\/revisions\/635"}],"wp:attachment":[{"href":"https:\/\/fantalytix.com\/en\/wp-json\/wp\/v2\/media?parent=56"}],"curies":[{"name":"wp","href":"https:\/\/api.w.org\/{rel}","templated":true}]}}