{"id":22,"date":"2021-08-12T04:30:49","date_gmt":"2021-08-12T04:30:49","guid":{"rendered":"http:\/\/fantalytix.com\/?page_id=22"},"modified":"2025-08-05T12:22:26","modified_gmt":"2025-08-05T12:22:26","slug":"kontakt","status":"publish","type":"page","link":"https:\/\/fantalytix.com\/en\/kontakt\/","title":{"rendered":"Contact"},"content":{"rendered":"<p>Please contact us with the following form. We will reply and eventually set up a first call as soon as possible.<\/p>\n\n\n\n<div class=\"wp-block-columns is-layout-flex wp-container-core-columns-is-layout-28f84493 wp-block-columns-is-layout-flex\">\n<div class=\"wp-block-column is-layout-flow wp-block-column-is-layout-flow\">\n<div class=\"wp-block-contact-form-7-contact-form-selector\">\n<div class=\"wpcf7 no-js\" id=\"wpcf7-f522-o1\" lang=\"en-US\" dir=\"ltr\" data-wpcf7-id=\"522\">\n<div class=\"screen-reader-response\"><p role=\"status\" aria-live=\"polite\" aria-atomic=\"true\"><\/p> <ul><\/ul><\/div>\n<form action=\"\/en\/wp-json\/wp\/v2\/pages\/22#wpcf7-f522-o1\" method=\"post\" class=\"wpcf7-form init\" aria-label=\"Contact form\" novalidate=\"novalidate\" data-status=\"init\" data-trp-original-action=\"\/en\/wp-json\/wp\/v2\/pages\/22#wpcf7-f522-o1\">\n<fieldset class=\"hidden-fields-container\"><input type=\"hidden\" name=\"_wpcf7\" value=\"522\" \/><input type=\"hidden\" name=\"_wpcf7_version\" value=\"6.1.1\" \/><input type=\"hidden\" name=\"_wpcf7_locale\" value=\"en_US\" \/><input type=\"hidden\" name=\"_wpcf7_unit_tag\" value=\"wpcf7-f522-o1\" \/><input type=\"hidden\" name=\"_wpcf7_container_post\" value=\"0\" \/><input type=\"hidden\" name=\"_wpcf7_posted_data_hash\" value=\"\" \/>\n<\/fieldset>\n<div class=\"wpcf7-turnstile cf-turnstile\" data-sitekey=\"0x4AAAAAABofRie3U8RZUPPv\" data-response-field-name=\"_wpcf7_turnstile_response\"><\/div>\n\n<p><label> Your name<br \/>\n<span class=\"wpcf7-form-control-wrap\" data-name=\"your-name\"><input size=\"40\" maxlength=\"400\" class=\"wpcf7-form-control wpcf7-text wpcf7-validates-as-required\" aria-required=\"true\" aria-invalid=\"false\" value=\"\" type=\"text\" name=\"your-name\" \/><\/span> <\/label>\n<\/p>\n<p><label> Your e-mail<br \/>\n<span class=\"wpcf7-form-control-wrap\" data-name=\"your-email\"><input size=\"40\" maxlength=\"400\" class=\"wpcf7-form-control wpcf7-email wpcf7-validates-as-required wpcf7-text wpcf7-validates-as-email\" aria-required=\"true\" aria-invalid=\"false\" value=\"\" type=\"email\" name=\"your-email\" \/><\/span> <\/label>\n<\/p>\n<p><label> Subject<br \/>\n<span class=\"wpcf7-form-control-wrap\" data-name=\"your-subject\"><input size=\"40\" maxlength=\"400\" class=\"wpcf7-form-control wpcf7-text wpcf7-validates-as-required\" aria-required=\"true\" aria-invalid=\"false\" value=\"\" type=\"text\" name=\"your-subject\" \/><\/span> <\/label>\n<\/p>\n<p><label> Message<br \/>\n<span class=\"wpcf7-form-control-wrap\" data-name=\"your-message\"><textarea cols=\"40\" rows=\"10\" maxlength=\"2000\" class=\"wpcf7-form-control wpcf7-textarea\" aria-invalid=\"false\" name=\"your-message\"><\/textarea><\/span> <\/label>\n<\/p>\n<p><input class=\"wpcf7-form-control wpcf7-submit has-spinner\" type=\"submit\" value=\"Send\" \/>\n<\/p>\n<p><label> Mit dem Absenden akzeptieren Sie unsere <a href=\"https:\/\/fantalytix.com\/en\/privacy-policy\/\" target=\"blank\">Datenschutz\u00adbestimmungen<\/a>.<\/label>\n<\/p><div class=\"wpcf7-response-output\" aria-hidden=\"true\"><\/div>\n<input type=\"hidden\" name=\"trp-form-language\" value=\"en\"\/><\/form>\n<\/div>\n<\/div>\n<\/div>\n\n\n\n<div class=\"wp-block-column is-layout-flow wp-block-column-is-layout-flow\">\n<figure class=\"wp-block-image alignright size-medium is-style-rounded is-style-rounded--1\"><img loading=\"lazy\" decoding=\"async\" width=\"300\" height=\"200\" src=\"https:\/\/fantalytix.com\/wp-content\/uploads\/2025\/08\/Schiffner-bei-Anna-Dittrichf_web0_5-300x200.jpg\" alt=\"\" class=\"wp-image-504\" style=\"aspect-ratio:1;object-fit:cover\" srcset=\"https:\/\/fantalytix.com\/wp-content\/uploads\/2025\/08\/Schiffner-bei-Anna-Dittrichf_web0_5-300x200.jpg 300w, https:\/\/fantalytix.com\/wp-content\/uploads\/2025\/08\/Schiffner-bei-Anna-Dittrichf_web0_5-1024x683.jpg 1024w, https:\/\/fantalytix.com\/wp-content\/uploads\/2025\/08\/Schiffner-bei-Anna-Dittrichf_web0_5-768x512.jpg 768w, https:\/\/fantalytix.com\/wp-content\/uploads\/2025\/08\/Schiffner-bei-Anna-Dittrichf_web0_5-1536x1025.jpg 1536w, https:\/\/fantalytix.com\/wp-content\/uploads\/2025\/08\/Schiffner-bei-Anna-Dittrichf_web0_5-18x12.jpg 18w, https:\/\/fantalytix.com\/wp-content\/uploads\/2025\/08\/Schiffner-bei-Anna-Dittrichf_web0_5.jpg 2048w\" sizes=\"auto, (max-width: 300px) 100vw, 300px\" \/><\/figure>\n<\/div>\n<\/div>","protected":false},"excerpt":{"rendered":"<p>Please contact us with the following form. We will reply and eventually set up a first call as soon as possible.<\/p>","protected":false},"author":1,"featured_media":0,"parent":0,"menu_order":0,"comment_status":"closed","ping_status":"closed","template":"","meta":{"footnotes":""},"class_list":["post-22","page","type-page","status-publish","hentry"],"yoast_head":"<!-- This site is optimized with the Yoast SEO plugin v27.3 - https:\/\/yoast.com\/product\/yoast-seo-wordpress\/ -->\n<title>Kontakt - Fantalytix<\/title>\n<meta name=\"robots\" content=\"index, follow, max-snippet:-1, max-image-preview:large, max-video-preview:-1\" \/>\n<link rel=\"canonical\" href=\"https:\/\/fantalytix.com\/en\/kontakt\/\" \/>\n<meta property=\"og:locale\" content=\"en_US\" \/>\n<meta property=\"og:type\" content=\"article\" \/>\n<meta property=\"og:title\" content=\"Kontakt - Fantalytix\" \/>\n<meta property=\"og:description\" content=\"Bitte kontaktieren Sie uns \u00fcber das folgende Formular. Wir werden Ihnen schnellstm\u00f6glich antworten und gegebenenfalls ein erstes Gespr\u00e4ch vereinbaren.\" \/>\n<meta property=\"og:url\" content=\"https:\/\/fantalytix.com\/en\/kontakt\/\" \/>\n<meta property=\"og:site_name\" content=\"Fantalytix\" \/>\n<meta property=\"article:modified_time\" content=\"2025-08-05T12:22:26+00:00\" \/>\n<meta property=\"og:image\" content=\"https:\/\/fantalytix.com\/wp-content\/uploads\/2025\/08\/Schiffner-bei-Anna-Dittrichf_web0_5.jpg\" \/>\n\t<meta property=\"og:image:width\" content=\"2048\" \/>\n\t<meta property=\"og:image:height\" content=\"1366\" \/>\n\t<meta property=\"og:image:type\" content=\"image\/jpeg\" \/>\n<meta name=\"twitter:card\" content=\"summary_large_image\" \/>\n<meta name=\"twitter:label1\" content=\"Est. reading time\" \/>\n\t<meta name=\"twitter:data1\" content=\"1 minute\" \/>\n<script type=\"application\/ld+json\" class=\"yoast-schema-graph\">{\"@context\":\"https:\\\/\\\/schema.org\",\"@graph\":[{\"@type\":\"WebPage\",\"@id\":\"https:\\\/\\\/fantalytix.com\\\/kontakt\\\/\",\"url\":\"https:\\\/\\\/fantalytix.com\\\/kontakt\\\/\",\"name\":\"Kontakt - Fantalytix\",\"isPartOf\":{\"@id\":\"https:\\\/\\\/fantalytix.com\\\/de\\\/#website\"},\"primaryImageOfPage\":{\"@id\":\"https:\\\/\\\/fantalytix.com\\\/kontakt\\\/#primaryimage\"},\"image\":{\"@id\":\"https:\\\/\\\/fantalytix.com\\\/kontakt\\\/#primaryimage\"},\"thumbnailUrl\":\"https:\\\/\\\/fantalytix.com\\\/wp-content\\\/uploads\\\/2025\\\/08\\\/Schiffner-bei-Anna-Dittrichf_web0_5-300x200.jpg\",\"datePublished\":\"2021-08-12T04:30:49+00:00\",\"dateModified\":\"2025-08-05T12:22:26+00:00\",\"breadcrumb\":{\"@id\":\"https:\\\/\\\/fantalytix.com\\\/kontakt\\\/#breadcrumb\"},\"inLanguage\":\"en-US\",\"potentialAction\":[{\"@type\":\"ReadAction\",\"target\":[\"https:\\\/\\\/fantalytix.com\\\/kontakt\\\/\"]}]},{\"@type\":\"ImageObject\",\"inLanguage\":\"en-US\",\"@id\":\"https:\\\/\\\/fantalytix.com\\\/kontakt\\\/#primaryimage\",\"url\":\"https:\\\/\\\/fantalytix.com\\\/wp-content\\\/uploads\\\/2025\\\/08\\\/Schiffner-bei-Anna-Dittrichf_web0_5-300x200.jpg\",\"contentUrl\":\"https:\\\/\\\/fantalytix.com\\\/wp-content\\\/uploads\\\/2025\\\/08\\\/Schiffner-bei-Anna-Dittrichf_web0_5-300x200.jpg\"},{\"@type\":\"BreadcrumbList\",\"@id\":\"https:\\\/\\\/fantalytix.com\\\/kontakt\\\/#breadcrumb\",\"itemListElement\":[{\"@type\":\"ListItem\",\"position\":1,\"name\":\"Home\",\"item\":\"https:\\\/\\\/fantalytix.com\\\/\"},{\"@type\":\"ListItem\",\"position\":2,\"name\":\"Kontakt\"}]},{\"@type\":\"WebSite\",\"@id\":\"https:\\\/\\\/fantalytix.com\\\/de\\\/#website\",\"url\":\"https:\\\/\\\/fantalytix.com\\\/de\\\/\",\"name\":\"Fantalytix\",\"description\":\"Your Experts for Fantastic Analytics.\",\"publisher\":{\"@id\":\"https:\\\/\\\/fantalytix.com\\\/de\\\/#organization\"},\"potentialAction\":[{\"@type\":\"SearchAction\",\"target\":{\"@type\":\"EntryPoint\",\"urlTemplate\":\"https:\\\/\\\/fantalytix.com\\\/de\\\/?s={search_term_string}\"},\"query-input\":{\"@type\":\"PropertyValueSpecification\",\"valueRequired\":true,\"valueName\":\"search_term_string\"}}],\"inLanguage\":\"en-US\"},{\"@type\":\"Organization\",\"@id\":\"https:\\\/\\\/fantalytix.com\\\/de\\\/#organization\",\"name\":\"Fantalytix\",\"url\":\"https:\\\/\\\/fantalytix.com\\\/de\\\/\",\"logo\":{\"@type\":\"ImageObject\",\"inLanguage\":\"en-US\",\"@id\":\"https:\\\/\\\/fantalytix.com\\\/de\\\/#\\\/schema\\\/logo\\\/image\\\/\",\"url\":\"https:\\\/\\\/fantalytix.com\\\/wp-content\\\/uploads\\\/2024\\\/06\\\/Logo_Schriftzug_Bunt_Klein-2.png\",\"contentUrl\":\"https:\\\/\\\/fantalytix.com\\\/wp-content\\\/uploads\\\/2024\\\/06\\\/Logo_Schriftzug_Bunt_Klein-2.png\",\"width\":500,\"height\":135,\"caption\":\"Fantalytix\"},\"image\":{\"@id\":\"https:\\\/\\\/fantalytix.com\\\/de\\\/#\\\/schema\\\/logo\\\/image\\\/\"}}]}<\/script>\n<!-- \/ Yoast SEO plugin. -->","yoast_head_json":{"title":"Kontakt - Fantalytix","robots":{"index":"index","follow":"follow","max-snippet":"max-snippet:-1","max-image-preview":"max-image-preview:large","max-video-preview":"max-video-preview:-1"},"canonical":"https:\/\/fantalytix.com\/en\/kontakt\/","og_locale":"en_US","og_type":"article","og_title":"Kontakt - Fantalytix","og_description":"Bitte kontaktieren Sie uns \u00fcber das folgende Formular. Wir werden Ihnen schnellstm\u00f6glich antworten und gegebenenfalls ein erstes Gespr\u00e4ch vereinbaren.","og_url":"https:\/\/fantalytix.com\/en\/kontakt\/","og_site_name":"Fantalytix","article_modified_time":"2025-08-05T12:22:26+00:00","og_image":[{"width":2048,"height":1366,"url":"https:\/\/fantalytix.com\/wp-content\/uploads\/2025\/08\/Schiffner-bei-Anna-Dittrichf_web0_5.jpg","type":"image\/jpeg"}],"twitter_card":"summary_large_image","twitter_misc":{"Est. reading time":"1 minute"},"schema":{"@context":"https:\/\/schema.org","@graph":[{"@type":"WebPage","@id":"https:\/\/fantalytix.com\/kontakt\/","url":"https:\/\/fantalytix.com\/kontakt\/","name":"Kontakt - Fantalytix","isPartOf":{"@id":"https:\/\/fantalytix.com\/de\/#website"},"primaryImageOfPage":{"@id":"https:\/\/fantalytix.com\/kontakt\/#primaryimage"},"image":{"@id":"https:\/\/fantalytix.com\/kontakt\/#primaryimage"},"thumbnailUrl":"https:\/\/fantalytix.com\/wp-content\/uploads\/2025\/08\/Schiffner-bei-Anna-Dittrichf_web0_5-300x200.jpg","datePublished":"2021-08-12T04:30:49+00:00","dateModified":"2025-08-05T12:22:26+00:00","breadcrumb":{"@id":"https:\/\/fantalytix.com\/kontakt\/#breadcrumb"},"inLanguage":"en-US","potentialAction":[{"@type":"ReadAction","target":["https:\/\/fantalytix.com\/kontakt\/"]}]},{"@type":"ImageObject","inLanguage":"en-US","@id":"https:\/\/fantalytix.com\/kontakt\/#primaryimage","url":"https:\/\/fantalytix.com\/wp-content\/uploads\/2025\/08\/Schiffner-bei-Anna-Dittrichf_web0_5-300x200.jpg","contentUrl":"https:\/\/fantalytix.com\/wp-content\/uploads\/2025\/08\/Schiffner-bei-Anna-Dittrichf_web0_5-300x200.jpg"},{"@type":"BreadcrumbList","@id":"https:\/\/fantalytix.com\/kontakt\/#breadcrumb","itemListElement":[{"@type":"ListItem","position":1,"name":"Home","item":"https:\/\/fantalytix.com\/"},{"@type":"ListItem","position":2,"name":"Kontakt"}]},{"@type":"WebSite","@id":"https:\/\/fantalytix.com\/de\/#website","url":"https:\/\/fantalytix.com\/de\/","name":"Fantalytix","description":"Your Experts for Fantastic Analytics.","publisher":{"@id":"https:\/\/fantalytix.com\/de\/#organization"},"potentialAction":[{"@type":"SearchAction","target":{"@type":"EntryPoint","urlTemplate":"https:\/\/fantalytix.com\/de\/?s={search_term_string}"},"query-input":{"@type":"PropertyValueSpecification","valueRequired":true,"valueName":"search_term_string"}}],"inLanguage":"en-US"},{"@type":"Organization","@id":"https:\/\/fantalytix.com\/de\/#organization","name":"Fantalytix","url":"https:\/\/fantalytix.com\/de\/","logo":{"@type":"ImageObject","inLanguage":"en-US","@id":"https:\/\/fantalytix.com\/de\/#\/schema\/logo\/image\/","url":"https:\/\/fantalytix.com\/wp-content\/uploads\/2024\/06\/Logo_Schriftzug_Bunt_Klein-2.png","contentUrl":"https:\/\/fantalytix.com\/wp-content\/uploads\/2024\/06\/Logo_Schriftzug_Bunt_Klein-2.png","width":500,"height":135,"caption":"Fantalytix"},"image":{"@id":"https:\/\/fantalytix.com\/de\/#\/schema\/logo\/image\/"}}]}},"_links":{"self":[{"href":"https:\/\/fantalytix.com\/en\/wp-json\/wp\/v2\/pages\/22","targetHints":{"allow":["GET"]}}],"collection":[{"href":"https:\/\/fantalytix.com\/en\/wp-json\/wp\/v2\/pages"}],"about":[{"href":"https:\/\/fantalytix.com\/en\/wp-json\/wp\/v2\/types\/page"}],"author":[{"embeddable":true,"href":"https:\/\/fantalytix.com\/en\/wp-json\/wp\/v2\/users\/1"}],"replies":[{"embeddable":true,"href":"https:\/\/fantalytix.com\/en\/wp-json\/wp\/v2\/comments?post=22"}],"version-history":[{"count":5,"href":"https:\/\/fantalytix.com\/en\/wp-json\/wp\/v2\/pages\/22\/revisions"}],"predecessor-version":[{"id":523,"href":"https:\/\/fantalytix.com\/en\/wp-json\/wp\/v2\/pages\/22\/revisions\/523"}],"wp:attachment":[{"href":"https:\/\/fantalytix.com\/en\/wp-json\/wp\/v2\/media?parent=22"}],"curies":[{"name":"wp","href":"https:\/\/api.w.org\/{rel}","templated":true}]}}